{"id":620,"date":"2022-11-18T21:26:02","date_gmt":"2022-11-18T20:26:02","guid":{"rendered":"https:\/\/freunde-der-kultur.de\/?page_id=620"},"modified":"2023-06-09T15:37:39","modified_gmt":"2023-06-09T13:37:39","slug":"620-2","status":"publish","type":"page","link":"https:\/\/freunde-der-kultur.de\/index.php\/620-2\/","title":{"rendered":"Star Performance"},"content":{"rendered":"<p>[et_pb_section fb_built=&#8220;1&#8243; admin_label=&#8220;Hero&#8220; _builder_version=&#8220;4.9.2&#8243; background_color=&#8220;gcid-41982e82-9544-4342-988c-c6415adc63b9&#8243; background_image=&#8220;http:\/\/freunde-der-kultur.de\/wp-content\/uploads\/2021\/01\/circle-background-pattern.png&#8220; custom_padding=&#8220;|||&#8220; animation_style=&#8220;zoom&#8220; animation_intensity_zoom=&#8220;4%&#8220; global_colors_info=&#8220;{%22gcid-5a411ecf-2ea3-4df3-9e91-65b8ec3046fc%22:%91%93,%22gcid-41982e82-9544-4342-988c-c6415adc63b9%22:%91%22background_color%22%93}&#8220;][et_pb_row column_structure=&#8220;1_2,1_2&#8243; disabled_on=&#8220;on|off|off&#8220; _builder_version=&#8220;4.9.2&#8243; background_size=&#8220;initial&#8220; background_position=&#8220;top_left&#8220; background_repeat=&#8220;repeat&#8220; custom_padding=&#8220;|||&#8220; animation_style=&#8220;slide&#8220; animation_direction=&#8220;top&#8220; animation_intensity_slide=&#8220;3%&#8220;][et_pb_column type=&#8220;1_2&#8243; _builder_version=&#8220;3.25&#8243; custom_padding=&#8220;|||&#8220; custom_padding__hover=&#8220;|||&#8220;][et_pb_text _builder_version=&#8220;4.9.2&#8243; text_font=&#8220;Montserrat|500||on|||||&#8220; text_text_color=&#8220;#FFFFFF&#8220; text_font_size=&#8220;16px&#8220; text_letter_spacing=&#8220;3px&#8220; background_size=&#8220;initial&#8220; background_position=&#8220;top_left&#8220; background_repeat=&#8220;repeat&#8220; custom_margin=&#8220;||45px|&#8220; animation_style=&#8220;slide&#8220; animation_direction=&#8220;bottom&#8220; locked=&#8220;off&#8220;]<\/p>\n<p>schulung und jugend-konzert<\/p>\n<p>[\/et_pb_text][et_pb_text _builder_version=&#8220;4.9.2&#8243; text_font=&#8220;||||||||&#8220; text_text_color=&#8220;#FFFFFF&#8220; header_font=&#8220;Montserrat|700||on|||||&#8220; header_text_color=&#8220;#FFFFFF&#8220; header_font_size=&#8220;60px&#8220; header_line_height=&#8220;1.3em&#8220; background_size=&#8220;initial&#8220; background_position=&#8220;top_left&#8220; background_repeat=&#8220;repeat&#8220; custom_margin=&#8220;|-184px||||&#8220; animation_style=&#8220;fade&#8220; header_font_size_last_edited=&#8220;off|desktop&#8220; locked=&#8220;off&#8220;]<\/p>\n<h1>Star performance<\/h1>\n<p>[\/et_pb_text][\/et_pb_column][et_pb_column type=&#8220;1_2&#8243; _builder_version=&#8220;3.25&#8243; custom_padding=&#8220;|||&#8220; custom_padding__hover=&#8220;|||&#8220;][et_pb_image src=&#8220;https:\/\/freunde-der-kultur.de\/wp-content\/uploads\/2022\/11\/star_-web-1200&#215;1200-09.png&#8220; title_text=&#8220;star_ web 1200&#215;1200-09&#8243; align=&#8220;right&#8220; _builder_version=&#8220;4.9.2&#8243; _module_preset=&#8220;default&#8220; background_color=&#8220;RGBA(0,0,0,0)&#8220; min_height=&#8220;110px&#8220; max_height=&#8220;161px&#8220; custom_margin=&#8220;||-2px|||&#8220; custom_padding=&#8220;||4px|||&#8220;][\/et_pb_image][\/et_pb_column][\/et_pb_row][et_pb_row disabled_on=&#8220;off|on|on&#8220; _builder_version=&#8220;4.9.2&#8243; background_size=&#8220;initial&#8220; background_position=&#8220;top_left&#8220; background_repeat=&#8220;repeat&#8220; custom_padding=&#8220;|||&#8220; animation_style=&#8220;slide&#8220; animation_direction=&#8220;top&#8220; animation_intensity_slide=&#8220;3%&#8220;][et_pb_column type=&#8220;4_4&#8243; _builder_version=&#8220;3.25&#8243; custom_padding=&#8220;|||&#8220; custom_padding__hover=&#8220;|||&#8220;][et_pb_text _builder_version=&#8220;4.9.2&#8243; text_font=&#8220;Montserrat|500||on|||||&#8220; text_text_color=&#8220;#FFFFFF&#8220; text_font_size=&#8220;16px&#8220; text_letter_spacing=&#8220;3px&#8220; background_size=&#8220;initial&#8220; background_position=&#8220;top_left&#8220; background_repeat=&#8220;repeat&#8220; custom_margin=&#8220;||45px|&#8220; animation_style=&#8220;slide&#8220; animation_direction=&#8220;bottom&#8220; locked=&#8220;off&#8220;]<\/p>\n<p>schulung und jugend-konzert<\/p>\n<p>[\/et_pb_text][et_pb_text _builder_version=&#8220;4.9.2&#8243; text_font=&#8220;||||||||&#8220; header_font=&#8220;Montserrat|700||on|||||&#8220; header_text_color=&#8220;#FFFFFF&#8220; header_font_size=&#8220;60px&#8220; header_line_height=&#8220;1.3em&#8220; background_size=&#8220;initial&#8220; background_position=&#8220;top_left&#8220; background_repeat=&#8220;repeat&#8220; custom_margin=&#8220;||||false|false&#8220; animation_style=&#8220;fade&#8220; header_font_size_last_edited=&#8220;off|desktop&#8220; locked=&#8220;off&#8220;]<\/p>\n<h1>Star performance<\/h1>\n<p>[\/et_pb_text][et_pb_image src=&#8220;https:\/\/freunde-der-kultur.de\/wp-content\/uploads\/2022\/11\/star_-web-1200&#215;1200-09.png&#8220; title_text=&#8220;star_ web 1200&#215;1200-09&#8243; _builder_version=&#8220;4.9.2&#8243; _module_preset=&#8220;default&#8220; background_color=&#8220;RGBA(0,0,0,0)&#8220; min_height=&#8220;110px&#8220; max_height=&#8220;161px&#8220; custom_margin=&#8220;||-2px|||&#8220; custom_padding=&#8220;||4px|||&#8220;][\/et_pb_image][\/et_pb_column][\/et_pb_row][\/et_pb_section][et_pb_section fb_built=&#8220;1&#8243; admin_label=&#8220;Case Study Text&#8220; _builder_version=&#8220;3.22&#8243; custom_margin=&#8220;|||&#8220; custom_padding=&#8220;0px||0px|||&#8220;][et_pb_row _builder_version=&#8220;3.25&#8243; background_size=&#8220;initial&#8220; background_position=&#8220;top_left&#8220; background_repeat=&#8220;repeat&#8220; animation_style=&#8220;fade&#8220;][et_pb_column type=&#8220;4_4&#8243; _builder_version=&#8220;3.25&#8243; custom_padding=&#8220;|||&#8220; custom_padding__hover=&#8220;|||&#8220;][et_pb_text _builder_version=&#8220;3.27.4&#8243; text_font=&#8220;Montserrat||||&#8220; text_text_color=&#8220;#353740&#8243; text_font_size=&#8220;22px&#8220; text_line_height=&#8220;1.8em&#8220; background_size=&#8220;initial&#8220; background_position=&#8220;top_left&#8220; background_repeat=&#8220;repeat&#8220; animation_style=&#8220;flip&#8220; animation_intensity_flip=&#8220;20%&#8220;]<\/p>\n<p style=\"font-weight: 400;\">Der Verein Freunde der Kulturf\u00f6rderung e.V. organisiert ein neues und einzigartiges Projekt <br \/><strong>STAR PERFORMANCE\u00a0<\/strong>f\u00fcr musikbegeisterte junge TeilnehmerInnen aus der Region, die an einer zuk\u00fcnftigen Musikausbildung interessiert sind.<\/p>\n<p style=\"font-weight: 400;\">\n<p style=\"font-weight: 400;\">Das Projekt besteht aus zwei Teilen:\u00a0ein spannendes Training, das darauf abzielt, F\u00e4higkeiten zur Vorbereitung auf erfolgreiche \u00f6ffentliche Auftritte zu entwickeln und zu festigen, kritisches Denken zu entwickeln und mit Angst und Aufregung bei \u00f6ffentlichen Auftritten zu arbeiten, gefolgt von einem Konzert der aktiven Teilnehmer des Projekts.<\/p>\n<p style=\"font-weight: 400;\">\n<p>[\/et_pb_text][\/et_pb_column][\/et_pb_row][et_pb_row _builder_version=&#8220;4.9.2&#8243; _module_preset=&#8220;default&#8220;][et_pb_column type=&#8220;4_4&#8243; _builder_version=&#8220;4.9.2&#8243; _module_preset=&#8220;default&#8220;][et_pb_gallery gallery_ids=&#8220;837,841,835,838,840,836,842,839,831,832,833,843&#8243; show_title_and_caption=&#8220;off&#8220; _builder_version=&#8220;4.9.2&#8243; _module_preset=&#8220;default&#8220; background_color=&#8220;RGBA(0,0,0,0)&#8220; min_height=&#8220;286.4px&#8220; custom_margin=&#8220;30px|||||&#8220; custom_padding=&#8220;||0px|||&#8220;][\/et_pb_gallery][\/et_pb_column][\/et_pb_row][et_pb_row _builder_version=&#8220;4.9.2&#8243; _module_preset=&#8220;default&#8220;][et_pb_column type=&#8220;4_4&#8243; _builder_version=&#8220;4.9.2&#8243; _module_preset=&#8220;default&#8220;][et_pb_video src=&#8220;https:\/\/www.youtube.com\/watch?v=zo_UWoidxRI&#8220; _builder_version=&#8220;4.9.2&#8243; _module_preset=&#8220;default&#8220;][\/et_pb_video][\/et_pb_column][\/et_pb_row][\/et_pb_section][et_pb_section fb_built=&#8220;1&#8243; prev_background_color=&#8220;#ffffff&#8220; _builder_version=&#8220;4.9.2&#8243; _module_preset=&#8220;default&#8220; background_color=&#8220;#eb1e78&#8243; background_image=&#8220;http:\/\/freunde-der-kultur.de\/wp-content\/uploads\/2021\/01\/circle-background-pattern.png&#8220; min_height=&#8220;268px&#8220; custom_margin=&#8220;-295px||-4px|||&#8220; custom_padding=&#8220;24px||0px|||&#8220; top_divider_style=&#8220;arrow3&#8243; top_divider_height=&#8220;246px&#8220;][\/et_pb_section][et_pb_section fb_built=&#8220;1&#8243; _builder_version=&#8220;4.9.2&#8243; _module_preset=&#8220;default&#8220; min_height=&#8220;1146px&#8220; custom_margin=&#8220;5px||-59px|||&#8220; custom_padding=&#8220;||42px|||&#8220;][et_pb_row _builder_version=&#8220;4.9.2&#8243; _module_preset=&#8220;default&#8220;][et_pb_column type=&#8220;4_4&#8243; _builder_version=&#8220;4.9.2&#8243; _module_preset=&#8220;default&#8220;][et_pb_text _builder_version=&#8220;4.9.2&#8243; _module_preset=&#8220;default&#8220; min_height=&#8220;508px&#8220; custom_padding=&#8220;||0px|||&#8220;]<\/p>\n<p style=\"font-weight: 400;\"><span style=\"font-size: large;\">Die Schulung wird von <a href=\"https:\/\/mariamasycheva.com\" target=\"_blank\" rel=\"noopener\"><strong>Maria Masycheva<\/strong><\/a> geleitet \u2013 Pianistin, Absolventin des Moskauer Konservatoriums (Klavierklasse von Elisso Virsaladze) und der Berliner Universit\u00e4t der K\u00fcnste (Klavierklasse Prof. Klaus Hellwig); Gewinnerin von acht internationalen Wettbewerben, darunter M.Long-J. Thibaud in Paris, Andorra, Genf; zertifizierte Musikphysiologin, ICF-zertifizierte Coachin, Mitglied des Verbandes der Coaches und Mentoren.<\/span><\/p>\n<p style=\"font-weight: 400;\"><span style=\"font-size: large;\">Begleitet wurde das Konzert von Ekaterina Dokshina, Pianistin, Preistr\u00e4gerin verschiedener Wettbewerbe und Festivals, Klavierlehrerin an der Karl-Berg-Musikschule.<\/span><\/p>\n<p style=\"font-weight: 400;\"><span style=\"font-size: large;\"><\/span><\/p>\n<p style=\"font-weight: 400;\"><span style=\"font-size: large;\">Ziel ist es, musikalisch begabten und engagierten jungen Menschen in und um Trier die einmalige Gelegenheit zu geben, von dieser einzigartigen Musikerin und ihrer umfangreichen Erfahrung mit \u00f6ffentlichen Auftritten zu lernen, verschiedene Techniken des kritischen Denkens zu entwickeln, die Achtsamkeit der Wahrnehmung w\u00e4hrend des Auftritts zu trainieren, sich mit diesen Erkenntnissen auf ein Konzert vorzubereiten und dieses Wissen gleich in die Praxis umzusetzen.<\/span><\/p>\n<p style=\"font-weight: 400;\"><span style=\"font-size: large;\">Erstaunlich ist, dass Maria Masychevas Kombination aus Erfahrung, Wissen und Herangehensweise jungen Menschen hilft, diese F\u00e4higkeiten nicht nur bei Konzertauftritten, sondern auch in anderen Bereichen ihres Lebens anzuwenden: in der Schule, an der Universit\u00e4t, bei den Auftritten vor dem Publikum und im Alltag.<\/span><\/p>\n<p style=\"font-weight: 400;\">\n<p style=\"font-weight: 400;\"><span style=\"font-size: large;\"><\/span><\/p>\n<p style=\"font-weight: 400;\"><span style=\"font-size: large;\"><\/span><\/p>\n<p style=\"font-weight: 400;\"><span style=\"font-size: large;\"><\/span><span style=\"font-size: large;\">Unser Verein m\u00f6chte sich bei allen Sponsoren und F\u00f6rderer bedanken, die den Jugendlichen die kostenlose Teilnahme am<br \/>STAR PERFORMANCE Projekt erm\u00f6glichen!<\/span><\/p>\n<p>[\/et_pb_text][\/et_pb_column][\/et_pb_row][\/et_pb_section][et_pb_section fb_built=&#8220;1&#8243; prev_background_color=&#8220;#ffffff&#8220; _builder_version=&#8220;4.9.2&#8243; _module_preset=&#8220;default&#8220; background_color=&#8220;#FFFFFF&#8220; background_image=&#8220;http:\/\/freunde-der-kultur.de\/wp-content\/uploads\/2021\/01\/circle-background-pattern-300&#215;133.png&#8220; min_height=&#8220;714.2px&#8220; custom_margin=&#8220;-533px||-9px|||&#8220; custom_padding=&#8220;43px||0px|||&#8220; top_divider_style=&#8220;arrow3&#8243; top_divider_height=&#8220;276px&#8220;][et_pb_row _builder_version=&#8220;3.25&#8243; background_size=&#8220;initial&#8220; background_position=&#8220;top_left&#8220; background_repeat=&#8220;repeat&#8220; min_height=&#8220;136px&#8220; custom_margin=&#8220;-6px|auto||auto||&#8220; custom_padding=&#8220;7px||0px|||&#8220; animation_style=&#8220;fade&#8220; locked=&#8220;off&#8220;][et_pb_column type=&#8220;4_4&#8243; _builder_version=&#8220;3.25&#8243; custom_padding=&#8220;|||&#8220; custom_padding__hover=&#8220;|||&#8220;][et_pb_text _builder_version=&#8220;4.9.2&#8243; text_font=&#8220;Montserrat|700||on|||||&#8220; text_text_color=&#8220;#353740&#8243; text_font_size=&#8220;22px&#8220; text_line_height=&#8220;1.8em&#8220; background_size=&#8220;initial&#8220; background_position=&#8220;top_left&#8220; background_repeat=&#8220;repeat&#8220; min_height=&#8220;90px&#8220; custom_margin=&#8220;-25px|||||&#8220; custom_padding=&#8220;||0px|||&#8220; animation_style=&#8220;flip&#8220; animation_intensity_flip=&#8220;20%&#8220;]<\/p>\n<p><span><\/span><\/p>\n<p><span style=\"font-size: 22px;\">Unterst\u00fctzt von:<\/span><span><\/span><span><\/span><span><\/span><span><\/span><\/p>\n<p><span><\/span><\/p>\n<p>[\/et_pb_text][\/et_pb_column][\/et_pb_row][et_pb_row column_structure=&#8220;1_2,1_2&#8243; _builder_version=&#8220;3.25&#8243; background_size=&#8220;initial&#8220; background_position=&#8220;top_left&#8220; background_repeat=&#8220;repeat&#8220; min_height=&#8220;255px&#8220; custom_margin=&#8220;-36px|auto||auto||&#8220; custom_padding=&#8220;0px|||||&#8220; animation_style=&#8220;fade&#8220; locked=&#8220;off&#8220;][et_pb_column type=&#8220;1_2&#8243; _builder_version=&#8220;3.25&#8243; custom_padding=&#8220;|||&#8220; custom_padding__hover=&#8220;|||&#8220;][et_pb_image src=&#8220;https:\/\/freunde-der-kultur.de\/wp-content\/uploads\/2022\/11\/Kulturstiftung-Trier_Logo.jpg&#8220; title_text=&#8220;Kulturstiftung Trier_Logo&#8220; _builder_version=&#8220;4.9.2&#8243; _module_preset=&#8220;default&#8220; width=&#8220;100%&#8220; width_tablet=&#8220;&#8220; width_phone=&#8220;&#8220; width_last_edited=&#8220;on|phone&#8220; min_height=&#8220;274px&#8220; min_height_tablet=&#8220;&#8220; min_height_phone=&#8220;&#8220; min_height_last_edited=&#8220;on|phone&#8220; height_tablet=&#8220;257px&#8220; height_phone=&#8220;&#8220; height_last_edited=&#8220;on|tablet&#8220; max_height_last_edited=&#8220;off|phone&#8220; custom_padding=&#8220;|153px|0px|||&#8220;][\/et_pb_image][\/et_pb_column][et_pb_column type=&#8220;1_2&#8243; _builder_version=&#8220;3.25&#8243; custom_padding=&#8220;|||&#8220; custom_padding__hover=&#8220;|||&#8220;][et_pb_image src=&#8220;https:\/\/freunde-der-kultur.de\/wp-content\/uploads\/2023\/01\/STRK_Wortmarke_basic_graubeere_RGB-300&#215;211.jpg&#8220; title_text=&#8220;STRK_Wortmarke_basic_graubeere_RGB&#8220; _builder_version=&#8220;4.9.2&#8243; _module_preset=&#8220;default&#8220; height_tablet=&#8220;&#8220; height_phone=&#8220;130px&#8220; height_last_edited=&#8220;on|phone&#8220;][\/et_pb_image][\/et_pb_column][\/et_pb_row][et_pb_row column_structure=&#8220;1_2,1_2&#8243; _builder_version=&#8220;4.9.2&#8243; _module_preset=&#8220;default&#8220;][et_pb_column type=&#8220;1_2&#8243; _builder_version=&#8220;4.9.2&#8243; _module_preset=&#8220;default&#8220;][et_pb_image src=&#8220;https:\/\/freunde-der-kultur.de\/wp-content\/uploads\/2023\/01\/LOT_StiftungRLP_4C_neutral-300&#215;121.png&#8220; title_text=&#8220;LOT_StiftungRLP_4C_neutral&#8220; _builder_version=&#8220;4.9.2&#8243; _module_preset=&#8220;default&#8220;][\/et_pb_image][\/et_pb_column][et_pb_column type=&#8220;1_2&#8243; _builder_version=&#8220;4.9.2&#8243; _module_preset=&#8220;default&#8220;][et_pb_image src=&#8220;https:\/\/freunde-der-kultur.de\/wp-content\/uploads\/2023\/02\/Logo_Volksbank_Trier_eG_4c_zweizeilig_rechts_pos-300&#215;99.jpg&#8220; title_text=&#8220;MASTER_Logo_BankXYZ_4c_links_rechts_pos_neg_zweizeilig&#8220; _builder_version=&#8220;4.9.2&#8243; _module_preset=&#8220;default&#8220;][\/et_pb_image][\/et_pb_column][\/et_pb_row][et_pb_row _builder_version=&#8220;3.25&#8243; background_size=&#8220;initial&#8220; background_position=&#8220;top_left&#8220; background_repeat=&#8220;repeat&#8220; min_height=&#8220;322.7px&#8220; custom_margin=&#8220;62px|auto||auto||&#8220; custom_padding=&#8220;36px|||||&#8220; animation_style=&#8220;fade&#8220; locked=&#8220;off&#8220;][et_pb_column type=&#8220;4_4&#8243; _builder_version=&#8220;3.25&#8243; custom_padding=&#8220;|||&#8220; custom_padding__hover=&#8220;|||&#8220;][et_pb_text _builder_version=&#8220;4.9.2&#8243; text_font=&#8220;Montserrat|700||on|||||&#8220; text_text_color=&#8220;#353740&#8243; text_font_size=&#8220;22px&#8220; text_line_height=&#8220;1.8em&#8220; background_size=&#8220;initial&#8220; background_position=&#8220;top_left&#8220; background_repeat=&#8220;repeat&#8220; custom_margin=&#8220;-41px|||||&#8220; custom_padding=&#8220;||3px|||&#8220;]<\/p>\n<p><span>Organisation: <\/span><\/p>\n<p>[\/et_pb_text][et_pb_text _builder_version=&#8220;4.9.2&#8243; text_font=&#8220;Montserrat||||&#8220; text_text_color=&#8220;#353740&#8243; text_font_size=&#8220;22px&#8220; text_line_height=&#8220;1.8em&#8220; background_size=&#8220;initial&#8220; background_position=&#8220;top_left&#8220; background_repeat=&#8220;repeat&#8220; custom_padding=&#8220;||3px|||&#8220;]<\/p>\n<p><span>Freunde der Kulturf\u00f6rderung e. V., Trier<\/span><\/p>\n<p><span>Ekaterina Dokshina \u2013\u00a0Klavierbegleitung<br \/><\/span><span>Ekaterina Dokshina, Maria Vicente \u2013 Projektleitung, Organisation<br \/>Inessa Babkovich \u2013 Design<br \/><\/span><span>Olga Tenigina \u2013 Foto und Video<\/span><\/p>\n<p><span><\/span><\/p>\n<p>[\/et_pb_text][\/et_pb_column][\/et_pb_row][\/et_pb_section]<\/p>\n","protected":false},"excerpt":{"rendered":"<p>[et_pb_section fb_built=&#8220;1&#8243; admin_label=&#8220;Hero&#8220; _builder_version=&#8220;4.9.2&#8243; background_color=&#8220;gcid-41982e82-9544-4342-988c-c6415adc63b9&#8243; background_image=&#8220;http:\/\/freunde-der-kultur.de\/wp-content\/uploads\/2021\/01\/circle-background-pattern.png&#8220; custom_padding=&#8220;|||&#8220; animation_style=&#8220;zoom&#8220; animation_intensity_zoom=&#8220;4%&#8220; global_colors_info=&#8220;{%22gcid-5a411ecf-2ea3-4df3-9e91-65b8ec3046fc%22:%91%93,%22gcid-41982e82-9544-4342-988c-c6415adc63b9%22:%91%22background_color%22%93}&#8220;][et_pb_row column_structure=&#8220;1_2,1_2&#8243; disabled_on=&#8220;on|off|off&#8220; _builder_version=&#8220;4.9.2&#8243; background_size=&#8220;initial&#8220; background_position=&#8220;top_left&#8220; background_repeat=&#8220;repeat&#8220; custom_padding=&#8220;|||&#8220; animation_style=&#8220;slide&#8220; animation_direction=&#8220;top&#8220; animation_intensity_slide=&#8220;3%&#8220;][et_pb_column type=&#8220;1_2&#8243; _builder_version=&#8220;3.25&#8243; custom_padding=&#8220;|||&#8220; custom_padding__hover=&#8220;|||&#8220;][et_pb_text _builder_version=&#8220;4.9.2&#8243; text_font=&#8220;Montserrat|500||on|||||&#8220; text_text_color=&#8220;#FFFFFF&#8220; text_font_size=&#8220;16px&#8220; text_letter_spacing=&#8220;3px&#8220; background_size=&#8220;initial&#8220; background_position=&#8220;top_left&#8220; background_repeat=&#8220;repeat&#8220; custom_margin=&#8220;||45px|&#8220; animation_style=&#8220;slide&#8220; animation_direction=&#8220;bottom&#8220; locked=&#8220;off&#8220;] schulung und jugend-konzert [\/et_pb_text][et_pb_text _builder_version=&#8220;4.9.2&#8243; text_font=&#8220;||||||||&#8220; text_text_color=&#8220;#FFFFFF&#8220; header_font=&#8220;Montserrat|700||on|||||&#8220; header_text_color=&#8220;#FFFFFF&#8220; header_font_size=&#8220;60px&#8220; header_line_height=&#8220;1.3em&#8220; background_size=&#8220;initial&#8220; background_position=&#8220;top_left&#8220; background_repeat=&#8220;repeat&#8220; custom_margin=&#8220;|-184px||||&#8220; animation_style=&#8220;fade&#8220; header_font_size_last_edited=&#8220;off|desktop&#8220; locked=&#8220;off&#8220;] Star [&hellip;]<\/p>\n","protected":false},"author":1,"featured_media":0,"parent":0,"menu_order":0,"comment_status":"closed","ping_status":"closed","template":"","meta":{"_et_pb_use_builder":"on","_et_pb_old_content":"","_et_gb_content_width":""},"_links":{"self":[{"href":"https:\/\/freunde-der-kultur.de\/index.php\/wp-json\/wp\/v2\/pages\/620"}],"collection":[{"href":"https:\/\/freunde-der-kultur.de\/index.php\/wp-json\/wp\/v2\/pages"}],"about":[{"href":"https:\/\/freunde-der-kultur.de\/index.php\/wp-json\/wp\/v2\/types\/page"}],"author":[{"embeddable":true,"href":"https:\/\/freunde-der-kultur.de\/index.php\/wp-json\/wp\/v2\/users\/1"}],"replies":[{"embeddable":true,"href":"https:\/\/freunde-der-kultur.de\/index.php\/wp-json\/wp\/v2\/comments?post=620"}],"version-history":[{"count":40,"href":"https:\/\/freunde-der-kultur.de\/index.php\/wp-json\/wp\/v2\/pages\/620\/revisions"}],"predecessor-version":[{"id":893,"href":"https:\/\/freunde-der-kultur.de\/index.php\/wp-json\/wp\/v2\/pages\/620\/revisions\/893"}],"wp:attachment":[{"href":"https:\/\/freunde-der-kultur.de\/index.php\/wp-json\/wp\/v2\/media?parent=620"}],"curies":[{"name":"wp","href":"https:\/\/api.w.org\/{rel}","templated":true}]}}