{"id":529,"date":"2022-04-11T13:03:18","date_gmt":"2022-04-11T11:03:18","guid":{"rendered":"http:\/\/freunde-der-kultur.de\/?page_id=529"},"modified":"2022-09-30T11:57:21","modified_gmt":"2022-09-30T09:57:21","slug":"ex-urbe-dei","status":"publish","type":"page","link":"https:\/\/freunde-der-kultur.de\/index.php\/ex-urbe-dei\/","title":{"rendered":"Ex Urbe Dei"},"content":{"rendered":"<p>[et_pb_section fb_built=&#8220;1&#8243; admin_label=&#8220;Hero&#8220; _builder_version=&#8220;4.9.2&#8243; background_color=&#8220;rgba(0,0,0,0.41)&#8220; background_image=&#8220;http:\/\/freunde-der-kultur.de\/wp-content\/uploads\/2021\/01\/circle-background-pattern.png&#8220; custom_padding=&#8220;|||&#8220; animation_style=&#8220;zoom&#8220; animation_intensity_zoom=&#8220;4%&#8220;][et_pb_row column_structure=&#8220;1_2,1_2&#8243; _builder_version=&#8220;3.25&#8243; background_size=&#8220;initial&#8220; background_position=&#8220;top_left&#8220; background_repeat=&#8220;repeat&#8220; custom_padding=&#8220;|||&#8220; animation_style=&#8220;slide&#8220; animation_direction=&#8220;top&#8220; animation_intensity_slide=&#8220;3%&#8220;][et_pb_column type=&#8220;1_2&#8243; _builder_version=&#8220;3.25&#8243; custom_padding=&#8220;|||&#8220; custom_padding__hover=&#8220;|||&#8220;][et_pb_text _builder_version=&#8220;4.9.2&#8243; text_font=&#8220;Montserrat|500||on|||||&#8220; text_text_color=&#8220;#353740&#8243; text_font_size=&#8220;16px&#8220; text_letter_spacing=&#8220;3px&#8220; background_size=&#8220;initial&#8220; background_position=&#8220;top_left&#8220; background_repeat=&#8220;repeat&#8220; custom_margin=&#8220;||45px|&#8220; animation_style=&#8220;slide&#8220; animation_direction=&#8220;bottom&#8220; locked=&#8220;off&#8220;]<\/p>\n<p>A Capella-Projekt<\/p>\n<p>[\/et_pb_text][et_pb_text disabled_on=&#8220;on|off|off&#8220; _builder_version=&#8220;4.9.2&#8243; text_font=&#8220;||||||||&#8220; text_text_color=&#8220;#FFFFFF&#8220; header_font=&#8220;Montserrat|700||on|||||&#8220; header_text_color=&#8220;#FFFFFF&#8220; header_font_size=&#8220;60px&#8220; header_line_height=&#8220;1.3em&#8220; background_size=&#8220;initial&#8220; background_position=&#8220;top_left&#8220; background_repeat=&#8220;repeat&#8220; custom_margin=&#8220;|||&#8220; animation_style=&#8220;fade&#8220; header_font_size_last_edited=&#8220;off|desktop&#8220; locked=&#8220;off&#8220;]<\/p>\n<h1>Ex Urbe Dei<\/h1>\n<p>[\/et_pb_text][et_pb_text disabled_on=&#8220;off|on|on&#8220; _builder_version=&#8220;4.9.2&#8243; text_font=&#8220;Montserrat|700|||||||&#8220; text_text_color=&#8220;#FFFFFF&#8220; text_font_size=&#8220;38px&#8220; header_font=&#8220;Montserrat|700||on|||||&#8220; header_text_color=&#8220;#FFFFFF&#8220; header_font_size=&#8220;60px&#8220; header_line_height=&#8220;1.3em&#8220; background_size=&#8220;initial&#8220; background_position=&#8220;top_left&#8220; background_repeat=&#8220;repeat&#8220; custom_margin=&#8220;|||&#8220; animation_style=&#8220;fade&#8220; header_font_size_last_edited=&#8220;off|desktop&#8220; locked=&#8220;off&#8220;]<\/p>\n<p>EX URBE DEI<\/p>\n<p>[\/et_pb_text][\/et_pb_column][et_pb_column type=&#8220;1_2&#8243; _builder_version=&#8220;3.25&#8243; custom_padding=&#8220;|||&#8220; custom_padding__hover=&#8220;|||&#8220;][et_pb_image src=&#8220;http:\/\/freunde-der-kultur.de\/wp-content\/uploads\/2022\/04\/WhatsApp-Image-2022-04-11-at-12.50.26.jpeg&#8220; title_text=&#8220;WhatsApp Image 2022-04-11 at 12.50.26&#8243; _builder_version=&#8220;4.9.2&#8243; _module_preset=&#8220;default&#8220; max_width=&#8220;45%&#8220; module_alignment=&#8220;right&#8220;][\/et_pb_image][\/et_pb_column][\/et_pb_row][\/et_pb_section][et_pb_section fb_built=&#8220;1&#8243; _builder_version=&#8220;4.9.2&#8243; _module_preset=&#8220;default&#8220; locked=&#8220;off&#8220;][et_pb_row _builder_version=&#8220;4.9.2&#8243; _module_preset=&#8220;default&#8220;][et_pb_column type=&#8220;4_4&#8243; _builder_version=&#8220;4.9.2&#8243; _module_preset=&#8220;default&#8220;][et_pb_video src=&#8220;https:\/\/www.youtube.com\/watch?v=ZFBy4G&#8211;NJw&#8220; _builder_version=&#8220;4.9.2&#8243; _module_preset=&#8220;default&#8220;][\/et_pb_video][\/et_pb_column][\/et_pb_row][\/et_pb_section][et_pb_section fb_built=&#8220;1&#8243; admin_label=&#8220;Case Study Text&#8220; _builder_version=&#8220;3.22&#8243; custom_margin=&#8220;|||&#8220; custom_padding=&#8220;1px||30px|||&#8220;][et_pb_row _builder_version=&#8220;3.25&#8243; background_size=&#8220;initial&#8220; background_position=&#8220;top_left&#8220; background_repeat=&#8220;repeat&#8220; animation_style=&#8220;fade&#8220;][et_pb_column type=&#8220;4_4&#8243; _builder_version=&#8220;3.25&#8243; custom_padding=&#8220;|||&#8220; custom_padding__hover=&#8220;|||&#8220;][et_pb_text _builder_version=&#8220;4.9.2&#8243; text_font=&#8220;Montserrat||||&#8220; text_text_color=&#8220;#353740&#8243; text_font_size=&#8220;22px&#8220; text_line_height=&#8220;1.8em&#8220; background_size=&#8220;initial&#8220; background_position=&#8220;top_left&#8220; background_repeat=&#8220;repeat&#8220; animation_style=&#8220;flip&#8220; animation_intensity_flip=&#8220;20%&#8220;]<\/p>\n<p>EX URBE DEI \u2013 Trier A Capella ist ein drei stimmiges Vokalst\u00fcck mit dem wir uns inhaltlich auf die Spuren der R\u00f6mischen Geschichte in der \u00e4ltesten Stadt Deutschlands begeben. <br \/>Eine architektonisch-musikalische Tour durch Trier wird dabei zum Anlass eines Dialogs, in dem die Jugendthemen und -sorgen der Gegenwart und der Antike wie durch einen Bogen miteinander verbunden werden.<\/p>\n<p>Das Projekt EX URBE DEI \u2013 Trier A Capella findet im Rahmen des Kulturprogramms zur Landesausstellung \u201eDer Untergang des Ro\u0308mischen Reiches\u201c statt und wird durch die Kulturstiftung der Sparkasse Trier, die Stiftung Rheinland\u2010Pfalz fu\u0308r Kultur, die Lotto Rheinland\u2010Pfalz \u2013 Stiftung und die Stadt Trier gefo\u0308rdert.<\/p>\n<p>[\/et_pb_text][\/et_pb_column][\/et_pb_row][\/et_pb_section][et_pb_section fb_built=&#8220;1&#8243; _builder_version=&#8220;4.9.2&#8243; _module_preset=&#8220;default&#8220; custom_padding=&#8220;21px|||||&#8220;][et_pb_row _builder_version=&#8220;4.9.2&#8243; _module_preset=&#8220;default&#8220;][et_pb_column type=&#8220;4_4&#8243; _builder_version=&#8220;4.9.2&#8243; _module_preset=&#8220;default&#8220;][et_pb_image src=&#8220;http:\/\/freunde-der-kultur.de\/wp-content\/uploads\/2022\/04\/DSC08445-1-scaled.jpg&#8220; title_text=&#8220;DSC08445-1&#8243; _builder_version=&#8220;4.9.2&#8243; _module_preset=&#8220;default&#8220;][\/et_pb_image][\/et_pb_column][\/et_pb_row][\/et_pb_section][et_pb_section fb_built=&#8220;1&#8243; disabled_on=&#8220;on|on|on&#8220; _builder_version=&#8220;4.9.2&#8243; _module_preset=&#8220;default&#8220; disabled=&#8220;on&#8220;][et_pb_row _builder_version=&#8220;4.9.2&#8243; _module_preset=&#8220;default&#8220; custom_padding=&#8220;27px|||||&#8220;][et_pb_column type=&#8220;4_4&#8243; _builder_version=&#8220;4.9.2&#8243; _module_preset=&#8220;default&#8220;][et_pb_video src=&#8220;https:\/\/www.youtube.com\/watch?v=mFutzDM0_TQ&#8220; _builder_version=&#8220;4.9.2&#8243; _module_preset=&#8220;default&#8220;][\/et_pb_video][\/et_pb_column][\/et_pb_row][\/et_pb_section][et_pb_section fb_built=&#8220;1&#8243; prev_background_color=&#8220;#ffffff&#8220; _builder_version=&#8220;4.9.2&#8243; background_color=&#8220;rgba(0,0,0,0.41)&#8220; background_image=&#8220;http:\/\/freunde-der-kultur.de\/wp-content\/uploads\/2021\/01\/circle-background-pattern.png&#8220; custom_padding=&#8220;|||&#8220; top_divider_style=&#8220;ramp2&#8243; top_divider_height=&#8220;80px&#8220; animation_style=&#8220;zoom&#8220; animation_intensity_zoom=&#8220;4%&#8220;][et_pb_row admin_label=&#8220;Quote&#8220; _builder_version=&#8220;3.25&#8243; background_size=&#8220;initial&#8220; background_position=&#8220;top_left&#8220; background_repeat=&#8220;repeat&#8220;][et_pb_column type=&#8220;4_4&#8243; _builder_version=&#8220;3.25&#8243; custom_padding=&#8220;|||&#8220; custom_padding__hover=&#8220;|||&#8220;][et_pb_text _builder_version=&#8220;4.9.2&#8243; _module_preset=&#8220;default&#8220; text_font=&#8220;Montserrat|||on|||||&#8220; text_font_size=&#8220;32px&#8220; header_text_color=&#8220;#FFFFFF&#8220; text_orientation=&#8220;center&#8220;]<\/p>\n<h1><strong>Organisation:<\/strong><\/h1>\n<p>[\/et_pb_text][et_pb_text admin_label=&#8220;Quote&#8220; _builder_version=&#8220;4.9.2&#8243; text_font=&#8220;Montserrat||||||||&#8220; text_text_color=&#8220;#353740&#8243; text_font_size=&#8220;16px&#8220; text_line_height=&#8220;1.8em&#8220; background_size=&#8220;initial&#8220; background_position=&#8220;top_left&#8220; background_repeat=&#8220;repeat&#8220; text_orientation=&#8220;center&#8220; max_width=&#8220;700px&#8220; module_alignment=&#8220;center&#8220; custom_margin=&#8220;|-189px||119px||&#8220; custom_padding=&#8220;|0px||||&#8220; animation_style=&#8220;flip&#8220; animation_direction=&#8220;top&#8220; animation_intensity_flip=&#8220;20%&#8220;]<strong>Freunde der Kulturf\u00f6rderung e. V., Trier<\/strong><\/p>\n<p><strong>Maria Vicente<\/strong><span><br \/>\n<\/span>Komposition<\/p>\n<p><strong>Ekaterina Dokshina<\/strong><span><br \/>\n<\/span>Korrepetition<\/p>\n<p><strong>Julia Olk<\/strong><span><br \/>\n<\/span>Chorleitung<\/p>\n<p><strong>Olga Tenigina<\/strong><span><br \/>\n<\/span>Foto und Video<\/p>\n<p><strong>Inesa Babkovich<\/strong><span><br \/>\n<\/span>Design[\/et_pb_text][\/et_pb_column][\/et_pb_row][\/et_pb_section]<\/p>\n","protected":false},"excerpt":{"rendered":"<p>EX URBE DEI \u2013 Trier A Capella ist ein drei stimmiges Vokalst\u00fcck mit dem wir uns inhaltlich auf die Spuren der R\u00f6mischen Geschichte in der \u00e4ltesten Stadt Deutschlands begeben.<\/p>\n","protected":false},"author":1,"featured_media":531,"parent":0,"menu_order":0,"comment_status":"closed","ping_status":"closed","template":"","meta":{"_et_pb_use_builder":"on","_et_pb_old_content":"","_et_gb_content_width":""},"_links":{"self":[{"href":"https:\/\/freunde-der-kultur.de\/index.php\/wp-json\/wp\/v2\/pages\/529"}],"collection":[{"href":"https:\/\/freunde-der-kultur.de\/index.php\/wp-json\/wp\/v2\/pages"}],"about":[{"href":"https:\/\/freunde-der-kultur.de\/index.php\/wp-json\/wp\/v2\/types\/page"}],"author":[{"embeddable":true,"href":"https:\/\/freunde-der-kultur.de\/index.php\/wp-json\/wp\/v2\/users\/1"}],"replies":[{"embeddable":true,"href":"https:\/\/freunde-der-kultur.de\/index.php\/wp-json\/wp\/v2\/comments?post=529"}],"version-history":[{"count":7,"href":"https:\/\/freunde-der-kultur.de\/index.php\/wp-json\/wp\/v2\/pages\/529\/revisions"}],"predecessor-version":[{"id":608,"href":"https:\/\/freunde-der-kultur.de\/index.php\/wp-json\/wp\/v2\/pages\/529\/revisions\/608"}],"wp:featuredmedia":[{"embeddable":true,"href":"https:\/\/freunde-der-kultur.de\/index.php\/wp-json\/wp\/v2\/media\/531"}],"wp:attachment":[{"href":"https:\/\/freunde-der-kultur.de\/index.php\/wp-json\/wp\/v2\/media?parent=529"}],"curies":[{"name":"wp","href":"https:\/\/api.w.org\/{rel}","templated":true}]}}