{"id":204,"date":"2021-03-23T10:57:53","date_gmt":"2021-03-23T09:57:53","guid":{"rendered":"http:\/\/freunde-der-kultur.de\/?page_id=204"},"modified":"2022-11-18T21:56:33","modified_gmt":"2022-11-18T20:56:33","slug":"awesome","status":"publish","type":"page","link":"https:\/\/freunde-der-kultur.de\/index.php\/awesome\/","title":{"rendered":"Awesome"},"content":{"rendered":"<p>[et_pb_section fb_built=&#8220;1&#8243; admin_label=&#8220;Hero&#8220; _builder_version=&#8220;4.9.2&#8243; background_color=&#8220;rgba(0,0,0,0.41)&#8220; background_image=&#8220;http:\/\/freunde-der-kultur.de\/wp-content\/uploads\/2021\/01\/circle-background-pattern.png&#8220; custom_padding=&#8220;|||&#8220; animation_style=&#8220;zoom&#8220; animation_intensity_zoom=&#8220;4%&#8220;][et_pb_row _builder_version=&#8220;3.25&#8243; background_size=&#8220;initial&#8220; background_position=&#8220;top_left&#8220; background_repeat=&#8220;repeat&#8220; custom_padding=&#8220;|||&#8220; animation_style=&#8220;slide&#8220; animation_direction=&#8220;top&#8220; animation_intensity_slide=&#8220;3%&#8220;][et_pb_column type=&#8220;4_4&#8243; _builder_version=&#8220;3.25&#8243; custom_padding=&#8220;|||&#8220; custom_padding__hover=&#8220;|||&#8220;][et_pb_text _builder_version=&#8220;4.9.2&#8243; text_font=&#8220;Montserrat|500||on|||||&#8220; text_text_color=&#8220;#353740&#8243; text_font_size=&#8220;16px&#8220; text_letter_spacing=&#8220;3px&#8220; background_size=&#8220;initial&#8220; background_position=&#8220;top_left&#8220; background_repeat=&#8220;repeat&#8220; custom_margin=&#8220;||45px|&#8220; animation_style=&#8220;slide&#8220; animation_direction=&#8220;bottom&#8220; locked=&#8220;off&#8220;]<\/p>\n<p>Tanzvideo-Projekt<\/p>\n<p>[\/et_pb_text][et_pb_text disabled_on=&#8220;on|off|off&#8220; _builder_version=&#8220;4.9.2&#8243; text_font=&#8220;||||||||&#8220; text_text_color=&#8220;#FFFFFF&#8220; header_font=&#8220;Montserrat|700||on|||||&#8220; header_text_color=&#8220;#FFFFFF&#8220; header_font_size=&#8220;60px&#8220; header_line_height=&#8220;1.3em&#8220; background_size=&#8220;initial&#8220; background_position=&#8220;top_left&#8220; background_repeat=&#8220;repeat&#8220; custom_margin=&#8220;|||&#8220; animation_style=&#8220;fade&#8220; header_font_size_last_edited=&#8220;off|desktop&#8220; locked=&#8220;off&#8220;]<\/p>\n<h1>AWESOME<\/h1>\n<p>[\/et_pb_text][et_pb_text disabled_on=&#8220;off|on|on&#8220; _builder_version=&#8220;4.9.2&#8243; text_font=&#8220;Montserrat|700|||||||&#8220; text_text_color=&#8220;#FFFFFF&#8220; text_font_size=&#8220;38px&#8220; header_font=&#8220;Montserrat|700||on|||||&#8220; header_text_color=&#8220;#FFFFFF&#8220; header_font_size=&#8220;60px&#8220; header_line_height=&#8220;1.3em&#8220; background_size=&#8220;initial&#8220; background_position=&#8220;top_left&#8220; background_repeat=&#8220;repeat&#8220; custom_margin=&#8220;|||&#8220; animation_style=&#8220;fade&#8220; header_font_size_last_edited=&#8220;off|desktop&#8220; locked=&#8220;off&#8220;]<\/p>\n<p>AWESOME<\/p>\n<p>[\/et_pb_text][\/et_pb_column][\/et_pb_row][\/et_pb_section][et_pb_section fb_built=&#8220;1&#8243; admin_label=&#8220;Case Study Text&#8220; _builder_version=&#8220;3.22&#8243; custom_margin=&#8220;|||&#8220; custom_padding=&#8220;110px||30px|&#8220;][et_pb_row _builder_version=&#8220;3.25&#8243; background_size=&#8220;initial&#8220; background_position=&#8220;top_left&#8220; background_repeat=&#8220;repeat&#8220; animation_style=&#8220;fade&#8220;][et_pb_column type=&#8220;4_4&#8243; _builder_version=&#8220;3.25&#8243; custom_padding=&#8220;|||&#8220; custom_padding__hover=&#8220;|||&#8220;][et_pb_text _builder_version=&#8220;3.27.4&#8243; text_font=&#8220;Montserrat||||&#8220; text_text_color=&#8220;#353740&#8243; text_font_size=&#8220;22px&#8220; text_line_height=&#8220;1.8em&#8220; background_size=&#8220;initial&#8220; background_position=&#8220;top_left&#8220; background_repeat=&#8220;repeat&#8220; animation_style=&#8220;flip&#8220; animation_intensity_flip=&#8220;20%&#8220;]<\/p>\n<p><span>\u201cAWESOME!\u201d ist ein neues Tanzvideo-Projekt in Trier, bei dem Jugendliche zusammen mit Profis ein Musikvideo produzieren.<\/span><\/p>\n<p><span>Gemeinsam entwickeln und proben Jugendliche in vier Workshops Moves zu dem Song AWESOME \u2013 aus dem Musical \u201eISABEL\u201c.<\/span><\/p>\n<p><span>Professionelle K\u00fcnstler unterst\u00fctzen sie beim Erarbeiten eines Konzepts f\u00fcr das Video und geben ihnen Einblicke in die Berufe des Theaters und des Films.<\/span><span><\/span><\/p>\n<p>[\/et_pb_text][\/et_pb_column][\/et_pb_row][\/et_pb_section][et_pb_section fb_built=&#8220;1&#8243; make_equal=&#8220;on&#8220; use_custom_gutter=&#8220;on&#8220; gutter_width=&#8220;1&#8243; specialty=&#8220;on&#8220; padding_top_1=&#8220;0px&#8220; admin_label=&#8220;Work Section&#8220; _builder_version=&#8220;3.22&#8243; custom_padding=&#8220;60px||47px|||&#8220; locked=&#8220;off&#8220;][et_pb_column type=&#8220;1_2&#8243; _builder_version=&#8220;3.25&#8243; custom_padding=&#8220;|||&#8220; padding_top__hover=&#8220;0px&#8220; parallax__hover=&#8220;off&#8220; parallax_method__hover=&#8220;on&#8220; custom_padding__hover=&#8220;|||&#8220;][et_pb_image src=&#8220;http:\/\/freunde-der-kultur.de\/wp-content\/uploads\/2021\/03\/PHOTO-2021-02-08-17-24-47.jpg&#8220; title_text=&#8220;PHOTO-2021-02-08-17-24-47&#8243; show_in_lightbox=&#8220;on&#8220; align_tablet=&#8220;center&#8220; align_phone=&#8220;&#8220; align_last_edited=&#8220;on|desktop&#8220; _builder_version=&#8220;4.9.2&#8243; custom_padding=&#8220;||0px|||&#8220; animation_style=&#8220;flip&#8220; box_shadow_style=&#8220;preset7&#8243; box_shadow_horizontal=&#8220;0px&#8220; box_shadow_vertical=&#8220;0px&#8220; box_shadow_spread=&#8220;10px&#8220; box_shadow_color=&#8220;#ffffff&#8220;][\/et_pb_image][et_pb_text _builder_version=&#8220;4.9.2&#8243; _module_preset=&#8220;default&#8220; text_font=&#8220;Montserrat|500|||||||&#8220; text_font_size=&#8220;18px&#8220; text_line_height=&#8220;1.9em&#8220; text_orientation=&#8220;center&#8220; custom_padding=&#8220;194px|||||&#8220;]<\/p>\n<p><span>Nach den Proben wurde das Video gefilmt,<br \/>geschnitten und gemastert, so dass <br \/>am Ende der Projektzeit<br \/>die Premiere in Form eines <br \/>gemeinsamen Screenings stattgefunden hat.<\/span><\/p>\n<p>[\/et_pb_text][et_pb_image src=&#8220;http:\/\/freunde-der-kultur.de\/wp-content\/uploads\/2021\/12\/bottombtdoublemovenavigationicon-1320085922504613362-300&#215;300.png&#8220; title_text=&#8220;bottom+bt+double+move+navigation+icon-1320085922504613362&#8243; align=&#8220;center&#8220; disabled_on=&#8220;on|off|off&#8220; _builder_version=&#8220;4.9.2&#8243; _module_preset=&#8220;default&#8220; max_height=&#8220;129px&#8220; custom_padding=&#8220;36px|||||&#8220; filter_invert=&#8220;43%&#8220;][\/et_pb_image][\/et_pb_column][et_pb_column type=&#8220;1_2&#8243; specialty_columns=&#8220;2&#8243; _builder_version=&#8220;3.25&#8243; custom_padding=&#8220;|||&#8220; parallax__hover=&#8220;off&#8220; parallax_method__hover=&#8220;on&#8220; custom_padding__hover=&#8220;|||&#8220;][et_pb_row_inner _builder_version=&#8220;3.25&#8243; custom_padding=&#8220;0px||0px|&#8220;][et_pb_column_inner saved_specialty_column_type=&#8220;1_2&#8243; _builder_version=&#8220;3.25&#8243; custom_padding=&#8220;|||&#8220; parallax__hover=&#8220;off&#8220; parallax_method__hover=&#8220;on&#8220; custom_padding__hover=&#8220;|||&#8220;][et_pb_image src=&#8220;http:\/\/freunde-der-kultur.de\/wp-content\/uploads\/2021\/03\/PHOTO-2021-02-08-17-24-47-3.jpg&#8220; title_text=&#8220;PHOTO-2021-02-08-17-24-47 3&#8243; show_in_lightbox=&#8220;on&#8220; align_tablet=&#8220;center&#8220; align_phone=&#8220;&#8220; align_last_edited=&#8220;on|desktop&#8220; _builder_version=&#8220;4.9.2&#8243; animation_style=&#8220;flip&#8220; animation_direction=&#8220;right&#8220; box_shadow_style=&#8220;preset7&#8243; box_shadow_horizontal=&#8220;0px&#8220; box_shadow_vertical=&#8220;0px&#8220; box_shadow_spread=&#8220;10px&#8220; box_shadow_color=&#8220;#ffffff&#8220;][\/et_pb_image][\/et_pb_column_inner][\/et_pb_row_inner][et_pb_row_inner _builder_version=&#8220;3.25&#8243; custom_padding=&#8220;0px||0px|&#8220;][et_pb_column_inner saved_specialty_column_type=&#8220;1_2&#8243; _builder_version=&#8220;3.25&#8243; custom_padding=&#8220;|||&#8220; parallax__hover=&#8220;off&#8220; parallax_method__hover=&#8220;on&#8220; custom_padding__hover=&#8220;|||&#8220;][et_pb_image src=&#8220;http:\/\/freunde-der-kultur.de\/wp-content\/uploads\/2021\/03\/PHOTO-2021-02-08-17-24-47-2.jpg&#8220; title_text=&#8220;PHOTO-2021-02-08-17-24-47 2&#8243; show_in_lightbox=&#8220;on&#8220; align_tablet=&#8220;center&#8220; align_phone=&#8220;&#8220; align_last_edited=&#8220;on|desktop&#8220; _builder_version=&#8220;4.9.2&#8243; animation_style=&#8220;flip&#8220; animation_direction=&#8220;right&#8220; box_shadow_style=&#8220;preset7&#8243; box_shadow_horizontal=&#8220;0px&#8220; box_shadow_vertical=&#8220;0px&#8220; box_shadow_spread=&#8220;10px&#8220; box_shadow_color=&#8220;#ffffff&#8220;][\/et_pb_image][\/et_pb_column_inner][\/et_pb_row_inner][\/et_pb_column][\/et_pb_section][et_pb_section fb_built=&#8220;1&#8243; _builder_version=&#8220;4.9.2&#8243; _module_preset=&#8220;default&#8220;][et_pb_row _builder_version=&#8220;4.9.2&#8243; _module_preset=&#8220;default&#8220; custom_padding=&#8220;27px|||||&#8220; hover_enabled=&#8220;0&#8243; sticky_enabled=&#8220;0&#8243;][et_pb_column type=&#8220;4_4&#8243; _builder_version=&#8220;4.9.2&#8243; _module_preset=&#8220;default&#8220;][et_pb_video src=&#8220;https:\/\/www.youtube.com\/watch?v=mFutzDM0_TQ&#8220; _builder_version=&#8220;4.9.2&#8243; _module_preset=&#8220;default&#8220;][\/et_pb_video][\/et_pb_column][\/et_pb_row][\/et_pb_section][et_pb_section fb_built=&#8220;1&#8243; _builder_version=&#8220;4.9.2&#8243; _module_preset=&#8220;default&#8220; custom_padding=&#8220;43px|||||&#8220;][et_pb_row _builder_version=&#8220;4.9.2&#8243; _module_preset=&#8220;default&#8220; hover_enabled=&#8220;0&#8243; sticky_enabled=&#8220;0&#8243; column_structure=&#8220;1_2,1_2&#8243;][et_pb_column _builder_version=&#8220;4.9.2&#8243; _module_preset=&#8220;default&#8220; type=&#8220;1_2&#8243; hover_enabled=&#8220;0&#8243; sticky_enabled=&#8220;0&#8243;][et_pb_image src=&#8220;https:\/\/freunde-der-kultur.de\/wp-content\/uploads\/2022\/11\/IMG_3527-scaled.jpeg&#8220; _builder_version=&#8220;4.9.2&#8243; _module_preset=&#8220;default&#8220; hover_enabled=&#8220;0&#8243; sticky_enabled=&#8220;0&#8243; custom_padding=&#8220;||6px|||&#8220; title_text=&#8220;IMG_3527&#8243; box_shadow_style=&#8220;preset2&#8243;][\/et_pb_image][\/et_pb_column][et_pb_column _builder_version=&#8220;4.9.2&#8243; _module_preset=&#8220;default&#8220; type=&#8220;1_2&#8243;][et_pb_image src=&#8220;https:\/\/freunde-der-kultur.de\/wp-content\/uploads\/2022\/11\/IMG_3526-scaled.jpeg&#8220; _builder_version=&#8220;4.9.2&#8243; _module_preset=&#8220;default&#8220; title_text=&#8220;IMG_3526&#8243; box_shadow_style=&#8220;preset2&#8243; hover_enabled=&#8220;0&#8243; sticky_enabled=&#8220;0&#8243;][\/et_pb_image][\/et_pb_column][\/et_pb_row][\/et_pb_section][et_pb_section fb_built=&#8220;1&#8243; _builder_version=&#8220;4.9.2&#8243; _module_preset=&#8220;default&#8220;][et_pb_row _builder_version=&#8220;4.9.2&#8243; _module_preset=&#8220;default&#8220;][et_pb_column _builder_version=&#8220;4.9.2&#8243; _module_preset=&#8220;default&#8220; type=&#8220;4_4&#8243;][et_pb_video src=&#8220;https:\/\/www.youtube.com\/watch?v=0bR1F-ZOuVc&#8220; _builder_version=&#8220;4.9.2&#8243; _module_preset=&#8220;default&#8220; box_shadow_style=&#8220;preset3&#8243; hover_enabled=&#8220;0&#8243; sticky_enabled=&#8220;0&#8243;][\/et_pb_video][\/et_pb_column][\/et_pb_row][\/et_pb_section][et_pb_section fb_built=&#8220;1&#8243; prev_background_color=&#8220;#ffffff&#8220; _builder_version=&#8220;4.9.2&#8243; background_color=&#8220;rgba(0,0,0,0.41)&#8220; background_image=&#8220;http:\/\/freunde-der-kultur.de\/wp-content\/uploads\/2021\/01\/circle-background-pattern.png&#8220; custom_padding=&#8220;|||&#8220; top_divider_style=&#8220;ramp2&#8243; top_divider_height=&#8220;80px&#8220; animation_style=&#8220;zoom&#8220; animation_intensity_zoom=&#8220;4%&#8220;][et_pb_row admin_label=&#8220;Quote&#8220; _builder_version=&#8220;3.25&#8243; background_size=&#8220;initial&#8220; background_position=&#8220;top_left&#8220; background_repeat=&#8220;repeat&#8220;][et_pb_column type=&#8220;4_4&#8243; _builder_version=&#8220;3.25&#8243; custom_padding=&#8220;|||&#8220; custom_padding__hover=&#8220;|||&#8220;][et_pb_text _builder_version=&#8220;4.9.2&#8243; _module_preset=&#8220;default&#8220; text_font=&#8220;Montserrat|||on|||||&#8220; text_font_size=&#8220;32px&#8220; header_text_color=&#8220;#FFFFFF&#8220; text_orientation=&#8220;center&#8220;]<\/p>\n<h1><strong>Die Coaches von \u201eAWESOME\u201c<\/strong><\/h1>\n<p>[\/et_pb_text][et_pb_text admin_label=&#8220;Quote&#8220; _builder_version=&#8220;4.9.2&#8243; text_font=&#8220;Montserrat||||||||&#8220; text_text_color=&#8220;#353740&#8243; text_font_size=&#8220;16px&#8220; text_line_height=&#8220;1.8em&#8220; background_size=&#8220;initial&#8220; background_position=&#8220;top_left&#8220; background_repeat=&#8220;repeat&#8220; text_orientation=&#8220;center&#8220; max_width=&#8220;700px&#8220; module_alignment=&#8220;center&#8220; custom_margin=&#8220;|-189px||119px||&#8220; custom_padding=&#8220;|0px||||&#8220; animation_style=&#8220;flip&#8220; animation_direction=&#8220;top&#8220; animation_intensity_flip=&#8220;20%&#8220;]<\/p>\n<p><strong><a href=\"https:\/\/www.instagram.com\/marcokraemereis\/\" target=\"_blank\" rel=\"noopener\">Maria Vicente, Ekaterina Dokshina<\/a><\/strong><span><br \/><\/span>Konzept und Organisation<strong><\/strong><\/p>\n<p><strong><a href=\"https:\/\/www.instagram.com\/marcokraemereis\/\" target=\"_blank\" rel=\"noopener\">Marco Kr\u00e4mer-Ei<\/a><\/strong><span><br \/><\/span>Regisseur und Dramaturg<\/p>\n<p><a href=\"https:\/\/www.instagram.com\/itsleakim\/\" target=\"_blank\" rel=\"noopener\"><strong>Mikael \u201cLeakim\u201d Johansson<\/strong><\/a><span><br \/><\/span>\u00a0Musikproduzent<\/p>\n<p><strong><a href=\"https:\/\/www.instagram.com\/yvonnebraschke\/\" target=\"_blank\" rel=\"noopener\">Yvonne Braschke<\/a><\/strong><span><br \/><\/span>Choreographin<\/p>\n<p><a href=\"https:\/\/www.instagram.com\/mo_vent_media\/\" target=\"_blank\" rel=\"noopener\"><strong>Movent.media<\/strong><\/a><span>\u00a0<\/span>Markus O<span>lk und Daniel Yamanian<br \/>Kamera und Schnitt<\/span><\/p>\n<p>[\/et_pb_text][\/et_pb_column][\/et_pb_row][\/et_pb_section]<\/p>\n","protected":false},"excerpt":{"rendered":"<p>\u201cAWESOME!\u201d ist ein neues Tanzvideo-Projekt in Trier, bei dem Jugendliche zusammen mit Profis ein Musikvideo produzieren.<\/p>\n","protected":false},"author":1,"featured_media":179,"parent":0,"menu_order":0,"comment_status":"closed","ping_status":"closed","template":"","meta":{"_et_pb_use_builder":"on","_et_pb_old_content":"","_et_gb_content_width":""},"_links":{"self":[{"href":"https:\/\/freunde-der-kultur.de\/index.php\/wp-json\/wp\/v2\/pages\/204"}],"collection":[{"href":"https:\/\/freunde-der-kultur.de\/index.php\/wp-json\/wp\/v2\/pages"}],"about":[{"href":"https:\/\/freunde-der-kultur.de\/index.php\/wp-json\/wp\/v2\/types\/page"}],"author":[{"embeddable":true,"href":"https:\/\/freunde-der-kultur.de\/index.php\/wp-json\/wp\/v2\/users\/1"}],"replies":[{"embeddable":true,"href":"https:\/\/freunde-der-kultur.de\/index.php\/wp-json\/wp\/v2\/comments?post=204"}],"version-history":[{"count":29,"href":"https:\/\/freunde-der-kultur.de\/index.php\/wp-json\/wp\/v2\/pages\/204\/revisions"}],"predecessor-version":[{"id":650,"href":"https:\/\/freunde-der-kultur.de\/index.php\/wp-json\/wp\/v2\/pages\/204\/revisions\/650"}],"wp:featuredmedia":[{"embeddable":true,"href":"https:\/\/freunde-der-kultur.de\/index.php\/wp-json\/wp\/v2\/media\/179"}],"wp:attachment":[{"href":"https:\/\/freunde-der-kultur.de\/index.php\/wp-json\/wp\/v2\/media?parent=204"}],"curies":[{"name":"wp","href":"https:\/\/api.w.org\/{rel}","templated":true}]}}