{"id":166,"date":"2021-03-23T09:24:42","date_gmt":"2021-03-23T08:24:42","guid":{"rendered":"http:\/\/freunde-der-kultur.de\/?page_id=166"},"modified":"2022-12-19T23:04:40","modified_gmt":"2022-12-19T22:04:40","slug":"isabel","status":"publish","type":"page","link":"https:\/\/freunde-der-kultur.de\/index.php\/isabel\/","title":{"rendered":"Isabel &#8211; Musical"},"content":{"rendered":"<p>[et_pb_section fb_built=&#8220;1&#8243; admin_label=&#8220;Hero&#8220; _builder_version=&#8220;4.9.2&#8243; background_color=&#8220;#eb1e78&#8243; background_image=&#8220;http:\/\/freunde-der-kultur.de\/wp-content\/uploads\/2021\/01\/circle-background-pattern.png&#8220; custom_padding=&#8220;|||&#8220; animation_style=&#8220;zoom&#8220; animation_intensity_zoom=&#8220;4%&#8220;][et_pb_row _builder_version=&#8220;3.25&#8243; background_size=&#8220;initial&#8220; background_position=&#8220;top_left&#8220; background_repeat=&#8220;repeat&#8220; custom_padding=&#8220;|||&#8220; animation_style=&#8220;slide&#8220; animation_direction=&#8220;top&#8220; animation_intensity_slide=&#8220;3%&#8220;][et_pb_column type=&#8220;4_4&#8243; _builder_version=&#8220;3.25&#8243; custom_padding=&#8220;|||&#8220; custom_padding__hover=&#8220;|||&#8220;][et_pb_text _builder_version=&#8220;4.9.2&#8243; text_font=&#8220;Montserrat|500||on|||||&#8220; text_text_color=&#8220;#FFFFFF&#8220; text_font_size=&#8220;16px&#8220; text_letter_spacing=&#8220;3px&#8220; background_size=&#8220;initial&#8220; background_position=&#8220;top_left&#8220; background_repeat=&#8220;repeat&#8220; custom_margin=&#8220;||45px|&#8220; animation_style=&#8220;slide&#8220; animation_direction=&#8220;bottom&#8220; locked=&#8220;off&#8220;]<\/p>\n<p>Musical<\/p>\n<p>[\/et_pb_text][et_pb_text _builder_version=&#8220;4.9.2&#8243; text_font=&#8220;||||||||&#8220; header_font=&#8220;Montserrat|700||on|||||&#8220; header_text_color=&#8220;#FFFFFF&#8220; header_font_size=&#8220;60px&#8220; header_line_height=&#8220;1.3em&#8220; background_size=&#8220;initial&#8220; background_position=&#8220;top_left&#8220; background_repeat=&#8220;repeat&#8220; custom_margin=&#8220;|||&#8220; animation_style=&#8220;fade&#8220; header_font_size_last_edited=&#8220;off|desktop&#8220; locked=&#8220;off&#8220;]<\/p>\n<h1>ISABEL<\/h1>\n<p>[\/et_pb_text][\/et_pb_column][\/et_pb_row][\/et_pb_section][et_pb_section fb_built=&#8220;1&#8243; admin_label=&#8220;Case Study Text&#8220; _builder_version=&#8220;3.22&#8243; min_height=&#8220;1271.1px&#8220; custom_margin=&#8220;||-31px|||&#8220; custom_padding=&#8220;61px||61px||true|&#8220;][et_pb_row column_structure=&#8220;2_3,1_3&#8243; _builder_version=&#8220;3.25&#8243; background_size=&#8220;initial&#8220; background_position=&#8220;top_left&#8220; background_repeat=&#8220;repeat&#8220; animation_style=&#8220;fade&#8220;][et_pb_column type=&#8220;2_3&#8243; _builder_version=&#8220;3.25&#8243; custom_padding=&#8220;|||&#8220; custom_padding__hover=&#8220;|||&#8220;][et_pb_text _builder_version=&#8220;3.27.4&#8243; text_font=&#8220;Montserrat||||&#8220; text_text_color=&#8220;#353740&#8243; text_font_size=&#8220;22px&#8220; text_line_height=&#8220;1.8em&#8220; background_size=&#8220;initial&#8220; background_position=&#8220;top_left&#8220; background_repeat=&#8220;repeat&#8220; width=&#8220;100%&#8220; custom_margin=&#8220;|2px||||&#8220; custom_padding=&#8220;|63px||||&#8220; animation_style=&#8220;flip&#8220; animation_intensity_flip=&#8220;20%&#8220;]<\/p>\n<p><span>Ein neues aktuelles Jugendkulturprojekt aus Trier, mit Bezug auf soziale Brennpunkte und unter Beteiligung lokaler Akteure. ISABEL ist ein neues Jugend-Musical komponiert und geschrieben von zwei K\u00fcnstlerinnen aus Trier. Eine echte Story mit nicht nur realistischen, sondern realen Figuren!<\/span><\/p>\n<p><span>Basierend auf einer wahren Begebenheit erz\u00e4hlt das neue Musical die Geschichte der 16-j\u00e4hrigen Cellistin Isabel. Ihre gro\u00dfen Tr\u00e4ume kollidieren mit der Realit\u00e4t einer Kleinstadt. Die Zeit ihres Erwachsenwerdens wird erschwert durch Unsicherheiten und Konflikte. Isabel erlebt den\u00a0Zwiespalt einer Jugendlichen zwischen Familie und\u00a0Freunden, sie versp\u00fcrt \u00e4u\u00dferen Druck, Selbstzweifel und die\u00a0Notwendigkeit, bereits fr\u00fchzeitig wichtige Lebensentscheidungen\u00a0zu treffen. Wie geht der Teenager mit\u00a0diesen komplexen Herausforderungen um? Welcher\u00a0Weg ins Erwachsenenleben bahnt sich f\u00fcr Isabel an?<\/span><\/p>\n<p><span><\/span><\/p>\n<p><span><span style=\"font-size: 16px;\">Premiere 10 Jun. 2022 &#8211;\u00a0<\/span><\/span><span><span style=\"font-size: 16px;\">Europahalle, Trier<\/span><\/span><\/p>\n<p><span><span style=\"font-size: 16px;\"><\/span><\/span><\/p>\n<p>[\/et_pb_text][et_pb_button button_url=&#8220;https:\/\/isabel-musical.de&#8220; url_new_window=&#8220;on&#8220; button_text=&#8220;Zur Webseite&#8220; _builder_version=&#8220;4.9.2&#8243; _module_preset=&#8220;default&#8220; custom_button=&#8220;on&#8220; button_text_color=&#8220;#000000&#8243; button_border_width=&#8220;3px&#8220; button_border_radius=&#8220;33px&#8220; button_font=&#8220;Montserrat|700||on|||||&#8220; button_icon=&#8220;%%20%%&#8220; custom_padding=&#8220;|49px||||&#8220;][\/et_pb_button][\/et_pb_column][et_pb_column type=&#8220;1_3&#8243; _builder_version=&#8220;3.25&#8243; custom_padding=&#8220;|||&#8220; custom_padding__hover=&#8220;|||&#8220;][et_pb_image src=&#8220;https:\/\/freunde-der-kultur.de\/wp-content\/uploads\/2022\/11\/Isabel-A4-small-scaled.jpg&#8220; title_text=&#8220;Isabel Musical&#8220; _builder_version=&#8220;4.9.2&#8243; _module_preset=&#8220;default&#8220;][\/et_pb_image][\/et_pb_column][\/et_pb_row][et_pb_row _builder_version=&#8220;4.9.2&#8243; _module_preset=&#8220;default&#8220; custom_margin=&#8220;|auto|-6px|auto||&#8220; custom_padding=&#8220;92px|||||&#8220;][et_pb_column type=&#8220;4_4&#8243; _builder_version=&#8220;4.9.2&#8243; _module_preset=&#8220;default&#8220;][et_pb_gallery gallery_ids=&#8220;555,557,558,559,561,560&#8243; show_title_and_caption=&#8220;off&#8220; _builder_version=&#8220;4.9.2&#8243; _module_preset=&#8220;default&#8220;][\/et_pb_gallery][\/et_pb_column][\/et_pb_row][et_pb_row _builder_version=&#8220;4.9.2&#8243; _module_preset=&#8220;default&#8220;][et_pb_column _builder_version=&#8220;4.9.2&#8243; _module_preset=&#8220;default&#8220; type=&#8220;4_4&#8243;][et_pb_video src=&#8220;https:\/\/www.youtube.com\/watch?v=B1CWbrz3N8k&#8220; _builder_version=&#8220;4.9.2&#8243; _module_preset=&#8220;default&#8220; hover_enabled=&#8220;0&#8243; sticky_enabled=&#8220;0&#8243;][\/et_pb_video][\/et_pb_column][\/et_pb_row][\/et_pb_section][et_pb_section fb_built=&#8220;1&#8243; _builder_version=&#8220;4.9.2&#8243; _module_preset=&#8220;default&#8220;][et_pb_row _builder_version=&#8220;4.9.2&#8243; _module_preset=&#8220;default&#8220;][et_pb_column type=&#8220;4_4&#8243; _builder_version=&#8220;4.9.2&#8243; _module_preset=&#8220;default&#8220;][et_pb_video src=&#8220;https:\/\/www.youtube.com\/watch?v=zZZXeyp7Mek&#038;t=1s&#8220; _builder_version=&#8220;4.9.2&#8243; _module_preset=&#8220;default&#8220;][\/et_pb_video][\/et_pb_column][\/et_pb_row][\/et_pb_section][et_pb_section fb_built=&#8220;1&#8243; prev_background_color=&#8220;#ffffff&#8220; next_background_color=&#8220;#ffffff&#8220; _builder_version=&#8220;4.9.2&#8243; background_color=&#8220;#eb1e78&#8243; background_image=&#8220;http:\/\/freunde-der-kultur.de\/wp-content\/uploads\/2021\/01\/circle-background-pattern.png&#8220; min_height=&#8220;637.8px&#8220; custom_padding=&#8220;115px|0px|105px|0px||&#8220; top_divider_style=&#8220;mountains2&#8243; bottom_divider_style=&#8220;mountains2&#8243; locked=&#8220;off&#8220;][et_pb_row admin_label=&#8220;Quote&#8220; _builder_version=&#8220;3.25&#8243; background_size=&#8220;initial&#8220; background_position=&#8220;top_left&#8220; background_repeat=&#8220;repeat&#8220; custom_margin=&#8220;-206px|auto||auto||&#8220; custom_padding=&#8220;4px|||||&#8220;][et_pb_column type=&#8220;4_4&#8243; _builder_version=&#8220;3.25&#8243; custom_padding=&#8220;|||&#8220; custom_padding__hover=&#8220;|||&#8220;][et_pb_video src=&#8220;https:\/\/www.youtube.com\/watch?v=tUBSWJaUHtg&#8220; _builder_version=&#8220;4.9.2&#8243; _module_preset=&#8220;default&#8220; custom_padding=&#8220;167px|||||&#8220;][\/et_pb_video][\/et_pb_column][\/et_pb_row][\/et_pb_section][et_pb_section fb_built=&#8220;1&#8243; _builder_version=&#8220;4.9.2&#8243; _module_preset=&#8220;default&#8220; custom_padding=&#8220;16px|||||&#8220;][et_pb_row _builder_version=&#8220;4.9.2&#8243; _module_preset=&#8220;default&#8220;][et_pb_column type=&#8220;4_4&#8243; _builder_version=&#8220;4.9.2&#8243; _module_preset=&#8220;default&#8220;][et_pb_video src=&#8220;https:\/\/www.youtube.com\/watch?v=tgdpI5Q7S-o&#8220; _builder_version=&#8220;4.9.2&#8243; _module_preset=&#8220;default&#8220;][\/et_pb_video][\/et_pb_column][\/et_pb_row][\/et_pb_section][et_pb_section fb_built=&#8220;1&#8243; _builder_version=&#8220;4.9.2&#8243; _module_preset=&#8220;default&#8220;][et_pb_row _builder_version=&#8220;4.9.2&#8243; _module_preset=&#8220;default&#8220;][et_pb_column type=&#8220;4_4&#8243; _builder_version=&#8220;4.9.2&#8243; _module_preset=&#8220;default&#8220;][et_pb_video src=&#8220;https:\/\/youtu.be\/L-sQ&#8211;e4OIM&#8220; _builder_version=&#8220;4.9.2&#8243; _module_preset=&#8220;default&#8220;][\/et_pb_video][\/et_pb_column][\/et_pb_row][\/et_pb_section][et_pb_section fb_built=&#8220;1&#8243; prev_background_color=&#8220;#ffffff&#8220; _builder_version=&#8220;4.9.2&#8243; background_color=&#8220;#eb1e78&#8243; background_image=&#8220;http:\/\/freunde-der-kultur.de\/wp-content\/uploads\/2021\/01\/circle-background-pattern.png&#8220; custom_padding=&#8220;60px|0px|110px|0px||&#8220; top_divider_style=&#8220;slant2&#8243;][\/et_pb_section]<\/p>\n","protected":false},"excerpt":{"rendered":"<p>Ein neues aktuelles Jugendkulturprojekt aus Trier, mit Bezug auf soziale Brennpunkte und unter Beteiligung lokaler Akteure. ISABEL ist ein neues Jugend-Musical komponiert und geschrieben von zwei K\u00fcnstlerinnen aus Trier.<\/p>\n","protected":false},"author":1,"featured_media":277,"parent":0,"menu_order":0,"comment_status":"closed","ping_status":"closed","template":"","meta":{"_et_pb_use_builder":"on","_et_pb_old_content":"","_et_gb_content_width":""},"_links":{"self":[{"href":"https:\/\/freunde-der-kultur.de\/index.php\/wp-json\/wp\/v2\/pages\/166"}],"collection":[{"href":"https:\/\/freunde-der-kultur.de\/index.php\/wp-json\/wp\/v2\/pages"}],"about":[{"href":"https:\/\/freunde-der-kultur.de\/index.php\/wp-json\/wp\/v2\/types\/page"}],"author":[{"embeddable":true,"href":"https:\/\/freunde-der-kultur.de\/index.php\/wp-json\/wp\/v2\/users\/1"}],"replies":[{"embeddable":true,"href":"https:\/\/freunde-der-kultur.de\/index.php\/wp-json\/wp\/v2\/comments?post=166"}],"version-history":[{"count":32,"href":"https:\/\/freunde-der-kultur.de\/index.php\/wp-json\/wp\/v2\/pages\/166\/revisions"}],"predecessor-version":[{"id":706,"href":"https:\/\/freunde-der-kultur.de\/index.php\/wp-json\/wp\/v2\/pages\/166\/revisions\/706"}],"wp:featuredmedia":[{"embeddable":true,"href":"https:\/\/freunde-der-kultur.de\/index.php\/wp-json\/wp\/v2\/media\/277"}],"wp:attachment":[{"href":"https:\/\/freunde-der-kultur.de\/index.php\/wp-json\/wp\/v2\/media?parent=166"}],"curies":[{"name":"wp","href":"https:\/\/api.w.org\/{rel}","templated":true}]}}